{"id":940,"date":"2020-05-05T12:45:10","date_gmt":"2020-05-05T12:45:10","guid":{"rendered":"https:\/\/xn--groute-bva.bevrdbis.com\/?page_id=940"},"modified":"2021-09-09T10:55:46","modified_gmt":"2021-09-09T09:55:46","slug":"reseau-routier-sur-gps","status":"publish","type":"page","link":"https:\/\/grte.srlbevrd.com\/?page_id=940","title":{"rendered":"R\u00e9seau Routier sur GPS"},"content":{"rendered":"<p dir=\"ltr\" style=\"text-align: center;\"><span style=\"font-family: Georgia, Palatino; font-size: 18pt;\"><strong>Chargement de r\u00e9seau routier sur GPS de navigation GARMIN<\/strong><\/span><\/p>\n<p dir=\"ltr\" style=\"text-align: center;\"><span style=\"font-family: 'Book Antiqua', Palatino; font-size: 14pt;\">Si vous avez la carte num\u00e9rique du r\u00e9seau routier de votre wilaya, nous pouvons la transmettre au GPS de navigation GARMIN\u00a0 <\/span><\/p>\n<p dir=\"ltr\" style=\"text-align: center;\"><span style=\"font-family: 'Book Antiqua', Palatino; font-size: 14pt;\">Veuillez remplir le formulaire ci-dessous<\/span><\/p>\n<p dir=\"ltr\" style=\"text-align: left;\">\n        \n        <form class=\"wpuf-form-add weforms-1113  wpuf-style\" action=\"\" method=\"post\"   id=\"\">\n\n            <ul class=\"wpuf-form form-label-above\">\n\n                        <li class=\"wpuf-el dtp_wilaya field-size-medium\" data-label=\"DTP Wilaya\">\n                    <div class=\"wpuf-label\">\n            <label for=\"dtp_wilaya_1113\">DTP Wilaya <span class=\"required\">*<\/span><\/label>\n        <\/div>\n        \n            <div class=\"wpuf-fields\">\n                <input\n                    class=\"textfield wpuf_dtp_wilaya_1113\"\n                    id=\"dtp_wilaya_1113\"\n                    type=\"text\"\n                    data-duplicate=\"no\"\n                    data-required=\"yes\"\n                    data-type=\"text\" name=\"dtp_wilaya\"\n                    placeholder=\"\"\n                    value=\"\"\n                    size=\"40\"\n                \/>\n\n                <span class=\"wpuf-wordlimit-message wpuf-help\"><\/span>\n                            <\/div>\n                    <\/li>\n                <li class=\"wpuf-el nom_et_pr_nom field-size-large\" data-label=\"Nom et Pr\u00e9nom\">\n                    <div class=\"wpuf-label\">\n            <label for=\"nom_et_pr_nom_1113\">Nom et Pr\u00e9nom <span class=\"required\">*<\/span><\/label>\n        <\/div>\n        \n            <div class=\"wpuf-fields\">\n                <div class=\"wpuf-name-field-wrap format-first-last\">\n                    <div class=\"wpuf-name-field-first-name\">\n                        <input\n                            name=\"nom_et_pr_nom[first]\"\n                            type=\"text\"\n                            placeholder=\"\"\n                            value=\"\"\n                            size=\"40\"\n                            data-required=\"yes\"\n                            data-type=\"text\"\n                            class=\"textfield wpuf_nom_et_pr_nom_1113\"\n                            autocomplete=\"given-name\"\n                        >\n                                            <\/div>\n\n                                            <input type=\"hidden\" name=\"nom_et_pr_nom[middle]\" value=\"\">\n                    \n                    <div class=\"wpuf-name-field-last-name\">\n                        <input\n                            name=\"nom_et_pr_nom[last]\"\n                            type=\"text\" class=\"textfield\"\n                            placeholder=\"\"\n                            value=\"\"\n                            size=\"40\"\n                            autocomplete=\"family-name\"\n                        >\n                                            <\/div>\n                <\/div>\n                            <\/div>\n        <\/li>\n                <li class=\"wpuf-el fonction field-size-medium\" data-label=\"Fonction\">\n                    <div class=\"wpuf-label\">\n            <label for=\"fonction_1113\">Fonction <span class=\"required\">*<\/span><\/label>\n        <\/div>\n        \n            <div class=\"wpuf-fields\">\n                <input\n                    class=\"textfield wpuf_fonction_1113\"\n                    id=\"fonction_1113\"\n                    type=\"text\"\n                    data-duplicate=\"no\"\n                    data-required=\"yes\"\n                    data-type=\"text\" name=\"fonction\"\n                    placeholder=\"\"\n                    value=\"\"\n                    size=\"40\"\n                \/>\n\n                <span class=\"wpuf-wordlimit-message wpuf-help\"><\/span>\n                            <\/div>\n                    <\/li>\n                <li class=\"wpuf-el t_l_phone_fixe field-size-medium\" data-label=\"T\u00e9l\u00e9phone Fixe\">\n                    <div class=\"wpuf-label\">\n            <label for=\"t_l_phone_fixe_1113\">T\u00e9l\u00e9phone Fixe <span class=\"required\">*<\/span><\/label>\n        <\/div>\n        \n            <div class=\"wpuf-fields\">\n                <input\n                    class=\"textfield wpuf_t_l_phone_fixe_1113\"\n                    id=\"t_l_phone_fixe_1113\"\n                    type=\"text\"\n                    data-duplicate=\"no\"\n                    data-required=\"yes\"\n                    data-type=\"text\" name=\"t_l_phone_fixe\"\n                    placeholder=\"\"\n                    value=\"\"\n                    size=\"40\"\n                \/>\n\n                <span class=\"wpuf-wordlimit-message wpuf-help\"><\/span>\n                            <\/div>\n                    <\/li>\n                <li class=\"wpuf-el fax field-size-medium\" data-label=\"Fax\">\n                    <div class=\"wpuf-label\">\n            <label for=\"fax_1113\">Fax <span class=\"required\">*<\/span><\/label>\n        <\/div>\n        \n            <div class=\"wpuf-fields\">\n                <input\n                    class=\"textfield wpuf_fax_1113\"\n                    id=\"fax_1113\"\n                    type=\"text\"\n                    data-duplicate=\"no\"\n                    data-required=\"yes\"\n                    data-type=\"text\" name=\"fax\"\n                    placeholder=\"\"\n                    value=\"\"\n                    size=\"40\"\n                \/>\n\n                <span class=\"wpuf-wordlimit-message wpuf-help\"><\/span>\n                            <\/div>\n                    <\/li>\n                <li class=\"wpuf-el t_l_phone_mobile field-size-medium\" data-label=\"T\u00e9l\u00e9phone mobile\">\n                    <div class=\"wpuf-label\">\n            <label for=\"t_l_phone_mobile_1113\">T\u00e9l\u00e9phone mobile <span class=\"required\">*<\/span><\/label>\n        <\/div>\n        \n            <div class=\"wpuf-fields\">\n                <input\n                    class=\"textfield wpuf_t_l_phone_mobile_1113\"\n                    id=\"t_l_phone_mobile_1113\"\n                    type=\"text\"\n                    data-duplicate=\"no\"\n                    data-required=\"yes\"\n                    data-type=\"text\" name=\"t_l_phone_mobile\"\n                    placeholder=\"\"\n                    value=\"\"\n                    size=\"40\"\n                \/>\n\n                <span class=\"wpuf-wordlimit-message wpuf-help\"><\/span>\n                            <\/div>\n                    <\/li>\n                <li class=\"wpuf-el email field-size-medium\" data-label=\"Email\">\n                    <div class=\"wpuf-label\">\n            <label for=\"email_1113\">Email <span class=\"required\">*<\/span><\/label>\n        <\/div>\n        \n            <div class=\"wpuf-fields\">\n                <input\n                    id=\"email_1113\"\n                    type=\"email\"\n                    class=\"email  wpuf_email_1113\"\n                    data-duplicate=\"\"\n                    data-required=\"yes\"\n                    data-type=\"email\"\n                    name=\"email\"\n                    placeholder=\"\"\n                    value=\"\"\n                    size=\"40\"\n                    autocomplete=\"email\"\n                \/>\n                            <\/div>\n        <\/li>\n                <li class=\"wpuf-submit\">\n            <div class=\"wpuf-label\">\n                &nbsp;\n            <\/div>\n\n            <input type=\"hidden\" id=\"_wpnonce\" name=\"_wpnonce\" value=\"ffcc2ca69a\" \/><input type=\"hidden\" name=\"_wp_http_referer\" value=\"\/index.php?rest_route=%2Fwp%2Fv2%2Fpages%2F940\" \/>\n            <input type=\"hidden\" name=\"form_id\" value=\"1113\">\n            <input type=\"hidden\" name=\"page_id\" value=\"940\">\n            <input type=\"hidden\" name=\"action\" value=\"weforms_frontend_submit\">\n\n                            <input type=\"hidden\" name=\"weforms-front-report\" value=\"no\">\n            \n            \n            <input type=\"submit\" class=\"weforms_submit_btn wpuf_submit_1113\" name=\"submit\" value=\"Envoyer\" \/>\n\n        <\/li>\n                <\/ul>\n\n        <\/form>\n\n        <\/p>\n","protected":false},"excerpt":{"rendered":"<p>Chargement de r\u00e9seau routier sur GPS de navigation GARMIN Si vous avez la carte num\u00e9rique du r\u00e9seau routier de votre wilaya, nous pouvons la transmettre au GPS de navigation GARMIN\u00a0 Veuillez remplir le formulaire ci-dessous<\/p>\n","protected":false},"author":1,"featured_media":0,"parent":0,"menu_order":0,"comment_status":"closed","ping_status":"closed","template":"template\/fullwidth.php","meta":{"footnotes":""},"class_list":["post-940","page","type-page","status-publish","hentry"],"_links":{"self":[{"href":"https:\/\/grte.srlbevrd.com\/index.php?rest_route=\/wp\/v2\/pages\/940","targetHints":{"allow":["GET"]}}],"collection":[{"href":"https:\/\/grte.srlbevrd.com\/index.php?rest_route=\/wp\/v2\/pages"}],"about":[{"href":"https:\/\/grte.srlbevrd.com\/index.php?rest_route=\/wp\/v2\/types\/page"}],"author":[{"embeddable":true,"href":"https:\/\/grte.srlbevrd.com\/index.php?rest_route=\/wp\/v2\/users\/1"}],"replies":[{"embeddable":true,"href":"https:\/\/grte.srlbevrd.com\/index.php?rest_route=%2Fwp%2Fv2%2Fcomments&post=940"}],"version-history":[{"count":1,"href":"https:\/\/grte.srlbevrd.com\/index.php?rest_route=\/wp\/v2\/pages\/940\/revisions"}],"predecessor-version":[{"id":1130,"href":"https:\/\/grte.srlbevrd.com\/index.php?rest_route=\/wp\/v2\/pages\/940\/revisions\/1130"}],"wp:attachment":[{"href":"https:\/\/grte.srlbevrd.com\/index.php?rest_route=%2Fwp%2Fv2%2Fmedia&parent=940"}],"curies":[{"name":"wp","href":"https:\/\/api.w.org\/{rel}","templated":true}]}}