{"id":683,"date":"2020-04-28T09:57:52","date_gmt":"2020-04-28T09:57:52","guid":{"rendered":"https:\/\/xn--groute-bva.bevrdbis.com\/?page_id=683"},"modified":"2021-09-09T10:54:05","modified_gmt":"2021-09-09T09:54:05","slug":"formation","status":"publish","type":"page","link":"https:\/\/grte.srlbevrd.com\/?page_id=683","title":{"rendered":"Formation"},"content":{"rendered":"<p style=\"text-align: center;\"><span style=\"color: #ff0000;\"><strong><span style=\"font-size: 14pt; font-family: 'Book Antiqua', Palatino;\">Les DTP ayant d\u00e9j\u00e0 G\u00e9route b\u00e9n\u00e9ficieront d&#8217;une formation enligne gratuite<\/span><\/strong><\/span><\/p>\n<p dir=\"ltr\" style=\"text-align: center;\"><span style=\"font-size: 24pt; font-family: 'Arial Black', 'Avant Garde';\"><strong>Formulaire de Formation<\/strong><\/span><\/p>\n<form class=\"wpuf-form-add weforms-618 wpuf-style\" action=\"https:\/\/xn--groute-bva.bevrdbis.com\/mise-a-jour\/?preview_id=678&amp;preview_nonce=bf2088af76&amp;_thumbnail_id=-1&amp;preview=true\" method=\"post\">\n<p style=\"text-align: center;\">\n        \n        <form class=\"wpuf-form-add weforms-1105  wpuf-style\" action=\"\" method=\"post\"   id=\"\">\n\n            <ul class=\"wpuf-form form-label-above\">\n\n                        <li class=\"wpuf-el dtp_wilaya field-size-medium\" data-label=\"DTP Wilaya\">\n                    <div class=\"wpuf-label\">\n            <label for=\"dtp_wilaya_1105\">DTP Wilaya <span class=\"required\">*<\/span><\/label>\n        <\/div>\n        \n            <div class=\"wpuf-fields\">\n                <input\n                    class=\"textfield wpuf_dtp_wilaya_1105\"\n                    id=\"dtp_wilaya_1105\"\n                    type=\"text\"\n                    data-duplicate=\"no\"\n                    data-required=\"yes\"\n                    data-type=\"text\" name=\"dtp_wilaya\"\n                    placeholder=\"\"\n                    value=\"\"\n                    size=\"40\"\n                \/>\n\n                <span class=\"wpuf-wordlimit-message wpuf-help\"><\/span>\n                            <\/div>\n                    <\/li>\n                <li class=\"wpuf-el nom_et_pr_nom field-size-large\" data-label=\"Nom et Pr\u00e9nom\">\n                    <div class=\"wpuf-label\">\n            <label for=\"nom_et_pr_nom_1105\">Nom et Pr\u00e9nom <span class=\"required\">*<\/span><\/label>\n        <\/div>\n        \n            <div class=\"wpuf-fields\">\n                <div class=\"wpuf-name-field-wrap format-first-last\">\n                    <div class=\"wpuf-name-field-first-name\">\n                        <input\n                            name=\"nom_et_pr_nom[first]\"\n                            type=\"text\"\n                            placeholder=\"\"\n                            value=\"\"\n                            size=\"40\"\n                            data-required=\"yes\"\n                            data-type=\"text\"\n                            class=\"textfield wpuf_nom_et_pr_nom_1105\"\n                            autocomplete=\"given-name\"\n                        >\n                                            <\/div>\n\n                                            <input type=\"hidden\" name=\"nom_et_pr_nom[middle]\" value=\"\">\n                    \n                    <div class=\"wpuf-name-field-last-name\">\n                        <input\n                            name=\"nom_et_pr_nom[last]\"\n                            type=\"text\" class=\"textfield\"\n                            placeholder=\"\"\n                            value=\"\"\n                            size=\"40\"\n                            autocomplete=\"family-name\"\n                        >\n                                            <\/div>\n                <\/div>\n                            <\/div>\n        <\/li>\n                <li class=\"wpuf-el fonction field-size-medium\" data-label=\"Fonction\">\n                    <div class=\"wpuf-label\">\n            <label for=\"fonction_1105\">Fonction <span class=\"required\">*<\/span><\/label>\n        <\/div>\n        \n            <div class=\"wpuf-fields\">\n                <input\n                    class=\"textfield wpuf_fonction_1105\"\n                    id=\"fonction_1105\"\n                    type=\"text\"\n                    data-duplicate=\"no\"\n                    data-required=\"yes\"\n                    data-type=\"text\" name=\"fonction\"\n                    placeholder=\"\"\n                    value=\"\"\n                    size=\"40\"\n                \/>\n\n                <span class=\"wpuf-wordlimit-message wpuf-help\"><\/span>\n                            <\/div>\n                    <\/li>\n                <li class=\"wpuf-el t_l_phone_fixe field-size-medium\" data-label=\"T\u00e9l\u00e9phone Fixe\">\n                    <div class=\"wpuf-label\">\n            <label for=\"t_l_phone_fixe_1105\">T\u00e9l\u00e9phone Fixe <span class=\"required\">*<\/span><\/label>\n        <\/div>\n        \n            <div class=\"wpuf-fields\">\n                <input\n                    class=\"textfield wpuf_t_l_phone_fixe_1105\"\n                    id=\"t_l_phone_fixe_1105\"\n                    type=\"text\"\n                    data-duplicate=\"no\"\n                    data-required=\"yes\"\n                    data-type=\"text\" name=\"t_l_phone_fixe\"\n                    placeholder=\"\"\n                    value=\"\"\n                    size=\"40\"\n                \/>\n\n                <span class=\"wpuf-wordlimit-message wpuf-help\"><\/span>\n                            <\/div>\n                    <\/li>\n                <li class=\"wpuf-el fax field-size-medium\" data-label=\"Fax\">\n                    <div class=\"wpuf-label\">\n            <label for=\"fax_1105\">Fax <span class=\"required\">*<\/span><\/label>\n        <\/div>\n        \n            <div class=\"wpuf-fields\">\n                <input\n                    class=\"textfield wpuf_fax_1105\"\n                    id=\"fax_1105\"\n                    type=\"text\"\n                    data-duplicate=\"no\"\n                    data-required=\"yes\"\n                    data-type=\"text\" name=\"fax\"\n                    placeholder=\"\"\n                    value=\"\"\n                    size=\"40\"\n                \/>\n\n                <span class=\"wpuf-wordlimit-message wpuf-help\"><\/span>\n                            <\/div>\n                    <\/li>\n                <li class=\"wpuf-el t_l_phone_mobile field-size-medium\" data-label=\"T\u00e9l\u00e9phone mobile\">\n                    <div class=\"wpuf-label\">\n            <label for=\"t_l_phone_mobile_1105\">T\u00e9l\u00e9phone mobile <span class=\"required\">*<\/span><\/label>\n        <\/div>\n        \n            <div class=\"wpuf-fields\">\n                <input\n                    class=\"textfield wpuf_t_l_phone_mobile_1105\"\n                    id=\"t_l_phone_mobile_1105\"\n                    type=\"text\"\n                    data-duplicate=\"no\"\n                    data-required=\"yes\"\n                    data-type=\"text\" name=\"t_l_phone_mobile\"\n                    placeholder=\"\"\n                    value=\"\"\n                    size=\"40\"\n                \/>\n\n                <span class=\"wpuf-wordlimit-message wpuf-help\"><\/span>\n                            <\/div>\n                    <\/li>\n                <li class=\"wpuf-el email field-size-medium\" data-label=\"Email\">\n                    <div class=\"wpuf-label\">\n            <label for=\"email_1105\">Email <span class=\"required\">*<\/span><\/label>\n        <\/div>\n        \n            <div class=\"wpuf-fields\">\n                <input\n                    id=\"email_1105\"\n                    type=\"email\"\n                    class=\"email  wpuf_email_1105\"\n                    data-duplicate=\"\"\n                    data-required=\"yes\"\n                    data-type=\"email\"\n                    name=\"email\"\n                    placeholder=\"\"\n                    value=\"\"\n                    size=\"40\"\n                    autocomplete=\"email\"\n                \/>\n                            <\/div>\n        <\/li>\n                <li class=\"wpuf-submit\">\n            <div class=\"wpuf-label\">\n                &nbsp;\n            <\/div>\n\n            <input type=\"hidden\" id=\"_wpnonce\" name=\"_wpnonce\" value=\"344a7f8001\" \/><input type=\"hidden\" name=\"_wp_http_referer\" value=\"\/index.php?rest_route=%2Fwp%2Fv2%2Fpages%2F683\" \/>\n            <input type=\"hidden\" name=\"form_id\" value=\"1105\">\n            <input type=\"hidden\" name=\"page_id\" value=\"683\">\n            <input type=\"hidden\" name=\"action\" value=\"weforms_frontend_submit\">\n\n                            <input type=\"hidden\" name=\"weforms-front-report\" value=\"no\">\n            \n            \n            <input type=\"submit\" class=\"weforms_submit_btn wpuf_submit_1105\" name=\"submit\" value=\"Envoyer\" \/>\n\n        <\/li>\n                <\/ul>\n\n        <\/form>\n\n        <\/p>\n<\/form>\n","protected":false},"excerpt":{"rendered":"<p>Les DTP ayant d\u00e9j\u00e0 G\u00e9route b\u00e9n\u00e9ficieront d&#8217;une formation enligne gratuite Formulaire de Formation<\/p>\n","protected":false},"author":1,"featured_media":0,"parent":0,"menu_order":0,"comment_status":"closed","ping_status":"closed","template":"template\/fullwidth.php","meta":{"footnotes":""},"class_list":["post-683","page","type-page","status-publish","hentry"],"_links":{"self":[{"href":"https:\/\/grte.srlbevrd.com\/index.php?rest_route=\/wp\/v2\/pages\/683","targetHints":{"allow":["GET"]}}],"collection":[{"href":"https:\/\/grte.srlbevrd.com\/index.php?rest_route=\/wp\/v2\/pages"}],"about":[{"href":"https:\/\/grte.srlbevrd.com\/index.php?rest_route=\/wp\/v2\/types\/page"}],"author":[{"embeddable":true,"href":"https:\/\/grte.srlbevrd.com\/index.php?rest_route=\/wp\/v2\/users\/1"}],"replies":[{"embeddable":true,"href":"https:\/\/grte.srlbevrd.com\/index.php?rest_route=%2Fwp%2Fv2%2Fcomments&post=683"}],"version-history":[{"count":2,"href":"https:\/\/grte.srlbevrd.com\/index.php?rest_route=\/wp\/v2\/pages\/683\/revisions"}],"predecessor-version":[{"id":1131,"href":"https:\/\/grte.srlbevrd.com\/index.php?rest_route=\/wp\/v2\/pages\/683\/revisions\/1131"}],"wp:attachment":[{"href":"https:\/\/grte.srlbevrd.com\/index.php?rest_route=%2Fwp%2Fv2%2Fmedia&parent=683"}],"curies":[{"name":"wp","href":"https:\/\/api.w.org\/{rel}","templated":true}]}}