{"id":561,"date":"2020-04-27T12:04:15","date_gmt":"2020-04-27T12:04:15","guid":{"rendered":"https:\/\/xn--groute-bva.bevrdbis.com\/?page_id=561"},"modified":"2021-09-21T11:21:05","modified_gmt":"2021-09-21T10:21:05","slug":"telechargement-demo","status":"publish","type":"page","link":"https:\/\/grte.srlbevrd.com\/?page_id=561","title":{"rendered":"T\u00e9l\u00e9chargement d\u00e9mo"},"content":{"rendered":"<p style=\"text-align: left;\"><strong>Pour t\u00e9l\u00e9charger la version de d\u00e9monstration de l&#8217;application SIG G\u00e9route&nbsp;<\/strong><\/p>\n<p dir=\"ltr\"><strong>Cliquez sur le lien:&nbsp;<a class=\"fasc-button fasc-size-medium fasc-type-flat fasc-rounded-medium\" style=\"background-color: #33809e; color: #ffffff;\" target=\"_blank\" rel=\"noopener\" href=\"https:\/\/grte.srlbevrd.com\/G\u00e9Route.rar\">T\u00e9l\u00e9charger<\/a><\/strong><\/p>\n<p dir=\"ltr\"><strong>D\u00e9compresser le fichier et ouvrir le fichier : <span style=\"color: #3366ff;\">G\u00e9Route.exe<\/span><\/strong><\/p>\n<p>&nbsp;<\/p>\n","protected":false},"excerpt":{"rendered":"<p>Pour t\u00e9l\u00e9charger la version de d\u00e9monstration de l&#8217;application SIG G\u00e9route&nbsp; Cliquez sur le lien:&nbsp;T\u00e9l\u00e9charger D\u00e9compresser le fichier et ouvrir le fichier : G\u00e9Route.exe &nbsp;<\/p>\n","protected":false},"author":1,"featured_media":0,"parent":0,"menu_order":0,"comment_status":"closed","ping_status":"closed","template":"template\/fullwidth.php","meta":{"footnotes":""},"class_list":["post-561","page","type-page","status-publish","hentry"],"_links":{"self":[{"href":"https:\/\/grte.srlbevrd.com\/index.php?rest_route=\/wp\/v2\/pages\/561","targetHints":{"allow":["GET"]}}],"collection":[{"href":"https:\/\/grte.srlbevrd.com\/index.php?rest_route=\/wp\/v2\/pages"}],"about":[{"href":"https:\/\/grte.srlbevrd.com\/index.php?rest_route=\/wp\/v2\/types\/page"}],"author":[{"embeddable":true,"href":"https:\/\/grte.srlbevrd.com\/index.php?rest_route=\/wp\/v2\/users\/1"}],"replies":[{"embeddable":true,"href":"https:\/\/grte.srlbevrd.com\/index.php?rest_route=%2Fwp%2Fv2%2Fcomments&post=561"}],"version-history":[{"count":6,"href":"https:\/\/grte.srlbevrd.com\/index.php?rest_route=\/wp\/v2\/pages\/561\/revisions"}],"predecessor-version":[{"id":1388,"href":"https:\/\/grte.srlbevrd.com\/index.php?rest_route=\/wp\/v2\/pages\/561\/revisions\/1388"}],"wp:attachment":[{"href":"https:\/\/grte.srlbevrd.com\/index.php?rest_route=%2Fwp%2Fv2%2Fmedia&parent=561"}],"curies":[{"name":"wp","href":"https:\/\/api.w.org\/{rel}","templated":true}]}}