{"id":201,"date":"2020-04-19T14:58:00","date_gmt":"2020-04-19T14:58:00","guid":{"rendered":"https:\/\/R.bevrdbis.com\/?page_id=201"},"modified":"2021-09-09T10:28:39","modified_gmt":"2021-09-09T09:28:39","slug":"but","status":"publish","type":"page","link":"https:\/\/grte.srlbevrd.com\/?page_id=201","title":{"rendered":"D\u00e9finition"},"content":{"rendered":"<p dir=\"ltr\"><span style=\"font-size: 14pt; font-family: 'Andale Mono', Times;\">Le syst\u00e8me d&#8217;information g\u00e9ographique <strong>SIG <\/strong>a pour but de proposer une nouvelle approche de gestion en utilisant de nouvelles techniques ouvrant des perspectives prometteuses pour entretenir, maintenir, exploiter et faire \u00e9voluer les r\u00e9seaux routier gr\u00e2ce \u00e0 la capacit\u00e9 des <strong>SIG<\/strong> de stockage de donn\u00e9es, leurs rapidit\u00e9s d\u2019acc\u00e8s et leurs puissances de l\u2019analyse.<\/span><\/p>\n<p dir=\"ltr\"><span style=\"font-size: 14pt; font-family: 'Andale Mono', Times;\"><strong>G\u00e9Route<\/strong> est un logiciel, d\u00e9velopp\u00e9e par le <strong>BEVRD<\/strong>, de gestion et confection de donn\u00e9es du r\u00e9seau routier con\u00e7u pour adresser les besoins diversifi\u00e9s et parfois complexes des directions de travaux publics.<\/span><\/p>\n<p dir=\"ltr\"><span style=\"font-size: 14pt; font-family: 'Andale Mono', Times;\">Le logiciel offre de puissants outils d\u2019optimisation, une fonctionnalit\u00e9 interactive compl\u00e8te qui vous permet de visualiser et de modifier graphiquement et textuellement les donn\u00e9es du r\u00e9seau routier, ou d\u2019en cr\u00e9er de nouveaux projets. Vous pouvez ensuite produire des cartes ou rapports d\u00e9taill\u00e9s.<\/span><\/p>\n<p dir=\"ltr\"><span style=\"font-size: 14pt; font-family: 'Andale Mono', Times;\">\u00a0L\u2019objectif du <strong>G\u00e9Route<\/strong> est la gestion des r\u00e9seaux routiers par l\u2019utilisation des Syst\u00e8mes d\u2019Information G\u00e9ographique <strong>SIG<\/strong>, par la constitution d\u2019une base de donn\u00e9es et l\u2019exploitation de cette derni\u00e8re.<\/span><\/p>\n<p dir=\"ltr\"><span style=\"font-size: 14pt; font-family: 'Andale Mono', Times;\"><strong>G\u00e9Route <\/strong>permet de visualiser tout le r\u00e9seau routier de la wilaya y compris le r\u00e9seau hydrographique, les limites administratives, chefs lieu des communes et agglom\u00e9rations secondaires et toponymies<\/span><\/p>\n<p dir=\"ltr\"><span style=\"font-size: 14pt; font-family: 'Andale Mono', Times;\">La mise \u00e0 jour des donn\u00e9es se fait facilement par modification ou introduction de nouveaux donn\u00e9es, et ceci ne m\u00e9rite aucune formation, c\u2019est simplement des fen\u00eatres qui s\u2019affichent.<\/span><\/p>\n<p dir=\"ltr\"><span style=\"font-size: 14pt; font-family: 'Andale Mono', Times;\">Le logiciel est con\u00e7u d\u2019une fa\u00e7on convenable avec les besoins des utilisateurs dans le domaine du r\u00e9seau routier.<\/span><\/p>\n","protected":false},"excerpt":{"rendered":"<p>Le syst\u00e8me d&#8217;information g\u00e9ographique SIG a pour but de proposer une nouvelle approche de gestion en utilisant de nouvelles techniques ouvrant des perspectives prometteuses pour entretenir, maintenir, exploiter et faire \u00e9voluer les r\u00e9seaux routier gr\u00e2ce \u00e0 la capacit\u00e9 des SIG de stockage de donn\u00e9es, leurs rapidit\u00e9s d\u2019acc\u00e8s et leurs puissances de l\u2019analyse. G\u00e9Route est un [&hellip;]<\/p>\n","protected":false},"author":1,"featured_media":0,"parent":0,"menu_order":0,"comment_status":"closed","ping_status":"closed","template":"template\/fullwidth.php","meta":{"footnotes":""},"class_list":["post-201","page","type-page","status-publish","hentry"],"_links":{"self":[{"href":"https:\/\/grte.srlbevrd.com\/index.php?rest_route=\/wp\/v2\/pages\/201","targetHints":{"allow":["GET"]}}],"collection":[{"href":"https:\/\/grte.srlbevrd.com\/index.php?rest_route=\/wp\/v2\/pages"}],"about":[{"href":"https:\/\/grte.srlbevrd.com\/index.php?rest_route=\/wp\/v2\/types\/page"}],"author":[{"embeddable":true,"href":"https:\/\/grte.srlbevrd.com\/index.php?rest_route=\/wp\/v2\/users\/1"}],"replies":[{"embeddable":true,"href":"https:\/\/grte.srlbevrd.com\/index.php?rest_route=%2Fwp%2Fv2%2Fcomments&post=201"}],"version-history":[{"count":1,"href":"https:\/\/grte.srlbevrd.com\/index.php?rest_route=\/wp\/v2\/pages\/201\/revisions"}],"predecessor-version":[{"id":1220,"href":"https:\/\/grte.srlbevrd.com\/index.php?rest_route=\/wp\/v2\/pages\/201\/revisions\/1220"}],"wp:attachment":[{"href":"https:\/\/grte.srlbevrd.com\/index.php?rest_route=%2Fwp%2Fv2%2Fmedia&parent=201"}],"curies":[{"name":"wp","href":"https:\/\/api.w.org\/{rel}","templated":true}]}}