{"id":143,"date":"2020-04-19T08:52:26","date_gmt":"2020-04-19T08:52:26","guid":{"rendered":"https:\/\/R.bevrdbis.com\/?page_id=143"},"modified":"2022-01-05T15:42:50","modified_gmt":"2022-01-05T14:42:50","slug":"%d8%ad%d9%88%d9%84","status":"publish","type":"page","link":"https:\/\/grte.srlbevrd.com\/","title":{"rendered":"Accueil"},"content":{"rendered":"\t\t<div data-elementor-type=\"wp-page\" data-elementor-id=\"143\" class=\"elementor elementor-143\" data-elementor-settings=\"[]\">\n\t\t\t\t\t\t\t<div class=\"elementor-section-wrap\">\n\t\t\t\t\t\t\t<section class=\"elementor-section elementor-top-section elementor-element elementor-element-4c36916a elementor-section-boxed elementor-section-height-default elementor-section-height-default\" data-id=\"4c36916a\" data-element_type=\"section\">\n\t\t\t\t\t\t<div class=\"elementor-container elementor-column-gap-default\">\n\t\t\t\t\t<div class=\"elementor-column elementor-col-100 elementor-top-column elementor-element elementor-element-66ecc171\" data-id=\"66ecc171\" data-element_type=\"column\">\n\t\t\t<div class=\"elementor-widget-wrap elementor-element-populated\">\n\t\t\t\t\t\t\t\t<div class=\"elementor-element elementor-element-7f3593f2 elementor-widget elementor-widget-text-editor\" data-id=\"7f3593f2\" data-element_type=\"widget\" data-widget_type=\"text-editor.default\">\n\t\t\t\t<div class=\"elementor-widget-container\">\n\t\t\t\t\t\t\t<p dir=\"ltr\"><span style=\"font-family: 'Book Antiqua', Palatino; font-size: 14pt; color: #0368ff;\"><strong>Mot du directeur<\/strong><strong>:<\/strong><\/span><\/p><p dir=\"ltr\" style=\"text-align: left;\"><span style=\"font-family: 'Book Antiqua', Palatino;\">Depuis sa cr\u00e9ation en 1993 et son agr\u00e9ment par le minist\u00e8re sous tutelle, le <strong>BEVRD<\/strong> cherche \u00e0 d\u00e9velopper ses comp\u00e9tences acquises dans le domaine des travaux publics, de la topographie, des r\u00e9seaux divers, syst\u00e8mes d&#8217;information g\u00e9ographique SIG et cartes num\u00e9riques, en exploitant les nouvelles technologies de l&#8217;information et de la communication pour moderniser les directions des travaux publics et num\u00e9riser ce secteur en qualifiant ses affili\u00e9s pour l\u2019\u00e9tablissement des cartes num\u00e9riques actualis\u00e9 par GPS et des banques de donn\u00e9es g\u00e9olocalis\u00e9 , permettant une gestion efficace pour la prise des d\u00e9cisions rationnelles bas\u00e9es sur des statistiques et des chiffres pr\u00e9cis.<\/span><\/p><p dir=\"ltr\" style=\"text-align: left;\"><span style=\"font-family: 'Book Antiqua', Palatino;\">Notre premier travail \u00e9tait l\u2019\u00e9tablissement de la carte num\u00e9rique du r\u00e9seau routier de la wilaya de Biskra par l\u2019utilisation des GPS et des syst\u00e8mes d&#8217;information g\u00e9ographique SIG, en l&#8217;an 2000 c&#8217;est-\u00e0-dire depuis 20 ans. Et en parall\u00e8le, nous avions organis\u00e9 des forums nationaux dans de nombreux si\u00e8ges des directions des travaux publics et les universit\u00e9s par nos propres moyens pour le but de diffuser cette culture.<\/span><\/p><p dir=\"ltr\" style=\"text-align: left;\"><span style=\"font-family: 'Book Antiqua', Palatino;\">\u00a0Nous avons, aussi, mis en place un centre de formation \u00e0 S\u00e9tif o\u00f9 on a organis\u00e9 des formations au profit de plus 24 DTP sur l\u2019application SIG <span style=\"color: #f70299;\"><strong>G\u00e9route<\/strong><\/span>.<\/span><\/p><p dir=\"ltr\"><span style=\"font-family: 'Book Antiqua', Palatino; font-size: 14pt; color: #0368ff;\"><strong>Le\u00a0BEVRD<\/strong><strong> est sp\u00e9cialis\u00e9 dans les \u00e9tudes\u00a0:<\/strong><\/span><\/p><p dir=\"ltr\" style=\"text-align: left;\"><span style=\"font-family: 'Book Antiqua', Palatino;\">&#8211; Routes et ouvrages<\/span><\/p><p dir=\"ltr\" style=\"text-align: left;\"><span style=\"font-family: 'Book Antiqua', Palatino;\">&#8211; Num\u00e9risation des r\u00e9seaux divers par l\u2019utilisation des syst\u00e8me d\u2019information g\u00e9ographique.<\/span><\/p><p dir=\"ltr\" style=\"text-align: left;\"><span style=\"font-family: 'Book Antiqua', Palatino;\">&#8211; Etablissement des cartes num\u00e9riques pour les diff\u00e9rents secteurs\u00a0: Tourisme, agriculture, risque majeur.<\/span><\/p><p dir=\"ltr\" style=\"text-align: left;\"><span style=\"font-family: 'Book Antiqua', Palatino;\">&#8211; Num\u00e9risation des informations pour la mise en place des bases de donn\u00e9es avec la proposition des application et sch\u00e9ma conceptuel appropri\u00e9s.<\/span><\/p><p dir=\"ltr\" style=\"text-align: left;\"><span style=\"font-family: 'Book Antiqua', Palatino;\">&#8211; Expertise et diagnostic des r\u00e9seaux par l\u2019utilisation de : D\u00e9tecteur des r\u00e9seaux, d\u00e9tecteur des m\u00e9taux.<\/span><\/p><p dir=\"ltr\" style=\"text-align: left;\"><span style=\"font-family: 'Book Antiqua', Palatino; font-size: 14pt; color: #0368ff;\"><strong>Applications SIG d\u00e9velopp\u00e9es par le BEVRD\u00a0:<\/strong><\/span><\/p><ol dir=\"ltr\"><li><span style=\"font-family: 'Book Antiqua', Palatino;\"><strong>G\u00e9AEP<\/strong> : Num\u00e9risation du r\u00e9seau d\u2019AEP y compris\u00a0 le d\u00e9veloppent d\u2019une application de manipulation\u00a0 de la base de donn\u00e9es textuelle et cartographique.<\/span><\/li><li><span style=\"font-family: 'Book Antiqua', Palatino;\"><strong>G\u00e9AEU<\/strong>: Num\u00e9risation du r\u00e9seau d\u2019Assainissement y compris le d\u00e9veloppent d\u2019une application de manipulation de la base de donn\u00e9es textuelle et cartographique<\/span><\/li><li><span style=\"font-family: 'Book Antiqua', Palatino;\"><strong>G\u00e9Tour<\/strong> : Num\u00e9risation des donn\u00e9es touristiques et inventaire des qualifications qui peuvent \u00eatre mises \u00e0 niveau vers des destinations touristiques avec le d\u00e9veloppement d&#8217;une application pour contr\u00f4ler la base de donn\u00e9es textuelle et cartographique. La production de guide touristique et de la carte num\u00e9rique pouvant \u00eatre incluse dans les GPS GARMIN sans connexion internet.<\/span><\/li><li><span style=\"font-family: 'Book Antiqua', Palatino;\"><strong>G\u00e9Patrimoine<\/strong> : Num\u00e9risation des donn\u00e9es relatives au patrimoine culturel immobilier et mobilier conform\u00e9ment \u00e0 la loi 04\/98 relative \u00e0 la protection du patrimoine culturel avec le d\u00e9veloppement d&#8217;une application pour contr\u00f4ler la base de donn\u00e9es textuelle et cartographique et la mise en place de carte de patrimoine pouvant \u00eatre incluse dans les GPS GARMIN sans connexion internet<\/span><\/li><li style=\"cursor: text;\"><span style=\"font-family: 'Book Antiqua', Palatino;\"><strong>G\u00e9route<\/strong>: Num\u00e9risation des donn\u00e9es relatives au r\u00e9seau routier avec l\u2019inventaire des points noirs avec la recherche par point kilom\u00e9trique et plusieurs autres fonctionnalit\u00e9s permettant g\u00e9rer et manipuler\u00a0 la base de donn\u00e9es textuelle et cartographique et analyses avec la possibilit\u00e9 d\u2019insertion de la carte du r\u00e9seau routier dans les GPS GARMIN.<\/span><\/li><\/ol><p dir=\"ltr\">\u00a0<\/p><p dir=\"ltr\"><strong style=\"color: #0368ff; font-family: 'Book Antiqua', Palatino; font-size: 14pt;\">Projets r\u00e9alis\u00e9s par le<\/strong><strong style=\"color: #0368ff; font-family: 'Book Antiqua', Palatino; font-size: 14pt;\"> BEVRD dans le domaine des travaux publics :<\/strong><\/p><p dir=\"ltr\"><span style=\"font-family: 'Book Antiqua', Palatino; cursor: text;\">&#8211; Mis en place de l&#8217;application SIG G\u00e9route d\u00e9velopp\u00e9e par le <strong>BEVRD<\/strong> au profit de 13 wilayas (Batna, Blida, Na\u00e2ma, Souk Ahras, Tipaza, S\u00e9tif, Tiaret, M\u2019sila, El Oued, Biskra, Laghouat, Skikda) y compris formation des cadres des DTP.<\/span><\/p><p dir=\"ltr\"><span style=\"font-family: 'Book Antiqua', Palatino; cursor: text;\">&#8211; Etudes de route : plus de 50 projets routiers durant 25 ans d\u2019exp\u00e9rience avec plus de 1000 km de lin\u00e9aire \u00e9tudi\u00e9.<\/span><\/p><p dir=\"ltr\"><span style=\"font-family: 'Book Antiqua', Palatino;\">&#8211; G\u00e9olocalisation et guidage par GPS des monuments et des sites historiques et arch\u00e9ologiques<\/span><\/p><p dir=\"ltr\"><span style=\"font-family: 'Book Antiqua', Palatino;\">\u2013 Le <strong>BEVRD<\/strong> a r\u00e9alis\u00e9 la carte des risques au profit de la protection civile de la wilaya de Biskra.<\/span><\/p><p dir=\"ltr\"><span style=\"font-family: 'Book Antiqua', Palatino; font-size: 14pt; color: #0368ff;\"><strong>Propri\u00e9t\u00e9 intellectuelle:<\/strong><\/span><\/p><p dir=\"ltr\"><span style=\"font-family: 'Book Antiqua', Palatino;\">De nombreuses cartes du r\u00e9seau routier et des cartes touristiques ont \u00e9t\u00e9 d\u00e9pos\u00e9es aupr\u00e8s Office national des droits d&#8217;auteur et des droits voisins <strong>ONDA<\/strong>.<\/span><\/p><p dir=\"ltr\" style=\"text-align: right;\"><strong><span style=\"font-family: book-antiqua;\">MOKHTAR BOURAOUI<\/span><\/strong><\/p>\t\t\t\t\t\t<\/div>\n\t\t\t\t<\/div>\n\t\t\t\t\t<\/div>\n\t\t<\/div>\n\t\t\t\t\t\t\t<\/div>\n\t\t<\/section>\n\t\t\t\t\t\t<\/div>\n\t\t\t\t\t<\/div>\n\t\t","protected":false},"excerpt":{"rendered":"<p>Mot du directeur: Depuis sa cr\u00e9ation en 1993 et son agr\u00e9ment par le minist\u00e8re sous tutelle, le BEVRD cherche \u00e0 d\u00e9velopper ses comp\u00e9tences acquises dans le domaine des travaux publics, de la topographie, des r\u00e9seaux divers, syst\u00e8mes d&#8217;information g\u00e9ographique SIG et cartes num\u00e9riques, en exploitant les nouvelles technologies de l&#8217;information et de la communication pour [&hellip;]<\/p>\n","protected":false},"author":1,"featured_media":0,"parent":0,"menu_order":0,"comment_status":"closed","ping_status":"closed","template":"template\/fullwidth.php","meta":{"footnotes":""},"class_list":["post-143","page","type-page","status-publish","hentry"],"_links":{"self":[{"href":"https:\/\/grte.srlbevrd.com\/index.php?rest_route=\/wp\/v2\/pages\/143","targetHints":{"allow":["GET"]}}],"collection":[{"href":"https:\/\/grte.srlbevrd.com\/index.php?rest_route=\/wp\/v2\/pages"}],"about":[{"href":"https:\/\/grte.srlbevrd.com\/index.php?rest_route=\/wp\/v2\/types\/page"}],"author":[{"embeddable":true,"href":"https:\/\/grte.srlbevrd.com\/index.php?rest_route=\/wp\/v2\/users\/1"}],"replies":[{"embeddable":true,"href":"https:\/\/grte.srlbevrd.com\/index.php?rest_route=%2Fwp%2Fv2%2Fcomments&post=143"}],"version-history":[{"count":18,"href":"https:\/\/grte.srlbevrd.com\/index.php?rest_route=\/wp\/v2\/pages\/143\/revisions"}],"predecessor-version":[{"id":1427,"href":"https:\/\/grte.srlbevrd.com\/index.php?rest_route=\/wp\/v2\/pages\/143\/revisions\/1427"}],"wp:attachment":[{"href":"https:\/\/grte.srlbevrd.com\/index.php?rest_route=%2Fwp%2Fv2%2Fmedia&parent=143"}],"curies":[{"name":"wp","href":"https:\/\/api.w.org\/{rel}","templated":true}]}}